{"id":16,"date":"2022-03-31T11:55:41","date_gmt":"2022-03-31T11:55:41","guid":{"rendered":"http:\/\/3.250.66.139\/?page_id=16"},"modified":"2022-12-02T10:22:46","modified_gmt":"2022-12-02T08:22:46","slug":"freontpage","status":"publish","type":"page","link":"https:\/\/www.tappin.academy\/nb_no\/","title":{"rendered":"Velkommen til Tappin Academy"},"content":{"rendered":"<p>Tappin.academy er der du finner all informasjon om Tappin-plattformen. Se p\u00e5 instruksjonsvideoer, les artikler og finn inspirasjon i v\u00e5re Webinarer, Podcaster og v\u00e5re tips &amp; triks om digitale l\u00f8sninger for arrangementer.<\/p>\n\n\n\n<figure class=\"wp-block-image size-large\"><img decoding=\"async\" loading=\"lazy\" width=\"1024\" height=\"538\" src=\"http:\/\/3.250.66.139\/wp-content\/uploads\/2022\/03\/Tappin_banner_01-1-1024x538.jpg\" alt=\"\" class=\"wp-image-56\" srcset=\"https:\/\/www.tappin.academy\/wp-content\/uploads\/2022\/03\/Tappin_banner_01-1-1024x538.jpg 1024w, https:\/\/www.tappin.academy\/wp-content\/uploads\/2022\/03\/Tappin_banner_01-1-300x158.jpg 300w, https:\/\/www.tappin.academy\/wp-content\/uploads\/2022\/03\/Tappin_banner_01-1-768x403.jpg 768w, https:\/\/www.tappin.academy\/wp-content\/uploads\/2022\/03\/Tappin_banner_01-1.jpg 1200w\" sizes=\"(max-width: 1024px) 100vw, 1024px\" \/><\/figure>\n\n\n\n<div class=\"wp-block-columns is-layout-flex wp-container-4 wp-block-columns-is-layout-flex\">\n<div class=\"wp-block-column is-layout-flow wp-block-column-is-layout-flow\">\n<p><strong>Bli inspirert<\/strong><\/p>\n\n\n\n<p>La deg bli inspirert av \u00e5 se p\u00e5 webinarene v\u00e5re, lytte til podcast, se, lese og h\u00f8re intervjuer eller bare se videoene v\u00e5re som beskriver noen av mulighetene som ligger i plattformen v\u00e5r og i det digitale arrangementsrommet.<\/p>\n<\/div>\n\n\n\n<div class=\"wp-block-column is-layout-flow wp-block-column-is-layout-flow\">\n<p><strong>Brukermanual<\/strong><\/p>\n\n\n\n<p>\u00d8verst p\u00e5 denne siden kan du se et navigasjonstre til v\u00e5r brukerh\u00e5ndbok. Her finner du videoer, tekstartikler og annen informasjon om hvordan du bruker systemet v\u00e5rt.<\/p>\n\n\n\n<p>Ta et dykk inn i alle mulighetene og v\u00e6r forberedt p\u00e5 \u00e5 utvide arrangementene dine med Tappin og v\u00e5re innovative l\u00f8sninger for arrangementer.<\/p>\n<\/div>\n<\/div>\n\n\n\n<div class=\"wp-block-group is-layout-flow wp-block-group-is-layout-flow\"><div class=\"wp-block-group__inner-container\">\n<launchnotes-embed token=\"public_7385aUYpeMcoRy4mDJfGQRTg\" project=\"pro_hDSi6kZZVa6dx\" categories=\"['news', 'new-features', 'improvements-fixes']\" toggle-selector=\"#whats-new-link\" heading=\"Hi there\" heading-color=\"#FFF\" subheading=\"The latest features, improvements, and bug fixes\" subheading-color=\"rgba(255, 255, 255, 0.8)\" primary-color=\"lightblue\" widget-placement=\"auto\" widget-offset-skidding=\"0\" widget-offset-distance=\"0\" show-unread=\"\" anonymous-user-id=\"YOUR_ANON_ID\" unread-placement=\"right-start\" unread-offset-skidding=\"-4\" unread-offset-distance=\"4\" unread-background-color=\"#0080ff\" unread-text-color=\"#ffffff\"><\/launchnotes-embed>\n<\/div><\/div>","protected":false},"excerpt":{"rendered":"<p>Tappin.academy er der du finner all informasjon om Tappin-plattformen. Se p\u00e5 instruksjonsvideoer, les artikler og finn inspirasjon i v\u00e5re Webinarer, Podcaster og v\u00e5re tips &amp; triks om digitale l\u00f8sninger for arrangementer. Bli inspirert La deg bli inspirert av \u00e5 se p\u00e5 webinarene v\u00e5re, lytte til podcast, se, lese og h\u00f8re intervjuer eller bare se videoene v\u00e5re som beskriver noen av mulighetene som ligger i plattformen v\u00e5r og i det digitale arrangementsrommet. Brukermanual \u00d8verst p\u00e5 denne siden kan du se et navigasjonstre til v\u00e5r brukermanual. Her finner du videoer, tekstartikler og annen informasjon om hvordan du bruker systemet v\u00e5rt. Ta et dykk inn i alle mulighetene og v\u00e6r forberedt p\u00e5 \u00e5 utvide arrangementene dine med Tappin og v\u00e5re innovative l\u00f8sninger for arrangementer.<\/p>","protected":false},"author":1,"featured_media":0,"parent":0,"menu_order":0,"comment_status":"closed","ping_status":"closed","template":"","meta":{"footnotes":""},"_links":{"self":[{"href":"https:\/\/www.tappin.academy\/nb_no\/wp-json\/wp\/v2\/pages\/16"}],"collection":[{"href":"https:\/\/www.tappin.academy\/nb_no\/wp-json\/wp\/v2\/pages"}],"about":[{"href":"https:\/\/www.tappin.academy\/nb_no\/wp-json\/wp\/v2\/types\/page"}],"author":[{"embeddable":true,"href":"https:\/\/www.tappin.academy\/nb_no\/wp-json\/wp\/v2\/users\/1"}],"replies":[{"embeddable":true,"href":"https:\/\/www.tappin.academy\/nb_no\/wp-json\/wp\/v2\/comments?post=16"}],"version-history":[{"count":35,"href":"https:\/\/www.tappin.academy\/nb_no\/wp-json\/wp\/v2\/pages\/16\/revisions"}],"predecessor-version":[{"id":340,"href":"https:\/\/www.tappin.academy\/nb_no\/wp-json\/wp\/v2\/pages\/16\/revisions\/340"}],"wp:attachment":[{"href":"https:\/\/www.tappin.academy\/nb_no\/wp-json\/wp\/v2\/media?parent=16"}],"curies":[{"name":"wp","href":"https:\/\/api.w.org\/{rel}","templated":true}]}}